{"id":6,"date":"2024-06-26T21:47:22","date_gmt":"2024-06-26T21:47:22","guid":{"rendered":"https:\/\/geomediation.fr\/?page_id=6"},"modified":"2025-11-18T22:34:58","modified_gmt":"2025-11-18T22:34:58","slug":"lorigine","status":"publish","type":"page","link":"https:\/\/geomediation.fr\/?page_id=6","title":{"rendered":"LA PHILOSOPHIE"},"content":{"rendered":"\n<p>\ud83c\udf3f <strong>Qu\u2019est-ce que la g\u00e9om\u00e9diation ?<\/strong><\/p>\n\n\n\n<p>La g\u00e9om\u00e9diation est une m\u00e9thode d\u2019<strong>organisation collective<\/strong> qui permet d\u2019am\u00e9liorer la mani\u00e8re dont nous <strong>d\u00e9cidons et agissons ensemble<\/strong>, dans <strong>nos familles, nos entreprises ou nos territoires.<\/strong><\/p>\n\n\n\n<p><strong>Son principe est simple :<\/strong><\/p>\n\n\n\n<p><strong>Toute d\u00e9cision durable doit \u00eatre co-construite avec les personnes concern\u00e9es avec des outils pratiques&#8230;<\/strong><\/p>\n\n\n\n<p><strong>\ud83d\udd0d Comment \u00e7a fonctionne ?<\/strong><\/p>\n\n\n\n<p><strong>Le processus se d\u00e9roule en quatre \u00e9tapes principales :<\/strong><\/p>\n\n\n\n<p><strong>1\ufe0f\u20e3 Sonder et \u00e9couter.<\/strong><\/p>\n\n\n\n<p>Recueillir la perception des acteurs (citoyens, professionnels, \u00e9lus, associations) sur les <strong>probl\u00e8mes<\/strong> et les<strong> solutions<\/strong> possibles.<\/p>\n\n\n\n<p>\u2192 Cela permet de poser <strong>un diagnostic partag\u00e9<\/strong> et se mettre <strong>d&#8217;accord <\/strong>sur la pertinence <strong>d&#8217;une organisation optimale.<\/strong><\/p>\n\n\n\n<p><strong>EN PRATIQUE :<\/strong> Pr\u00e9senter le principe de concertation : probl\u00e8mes, solutions, projets, votations, \u00e9valuations. <strong>Demandez aux humains concern\u00e9s<\/strong> par une situation, s&#8217;ils aimeraient la mise en place d&#8217;une meilleure organisation. Plus il y a d&#8217;<strong>acteurs motiv\u00e9s<\/strong> plus nous avons <strong>une l\u00e9gitimit\u00e9<\/strong> et <strong>des moyens<\/strong> pour r\u00e9ussir \u00e0 d\u00e9velopper et \u00e0 animer le processus de<strong> concertation<\/strong>, dans notre famille, entreprise ou territoire.<\/p>\n\n\n\n<p>NB : Demander \u00e0 tous les citoyens et organisations qu&#8217;elles sont leur<strong> besoin urgent<\/strong> et dans <strong>l&#8217;id\u00e9al<\/strong>, ainsi que <strong>les ressources<\/strong> qu&#8217;ils peuvent proposer ou connaitre, permet de <strong>cartographier<\/strong> les donn\u00e9es essentielles du territoire pour envisager de croiser les donn\u00e9es et de proposer \u00e0 chacun un <strong>plan d&#8217;action personnalis\u00e9 et optimis\u00e9.<\/strong><\/p>\n\n\n\n<p><strong>2\ufe0f\u20e3 Co-d\u00e9velopper des projets.<\/strong><\/p>\n\n\n\n<p>Les acteurs, qui le souhaitent, <strong>travaillent ensemble<\/strong>, pour formuler <strong>des projets concrets<\/strong> qui r\u00e9pondent aux<strong> besoins<\/strong> exprim\u00e9s, ainsi qu&#8217;aux <strong>ressources<\/strong> humaines, techniques et naturelles disponibles.<\/p>\n\n\n\n<p>3\ufe0f\u20e3<strong> Soumettre \u00e0 validation.<\/strong><\/p>\n\n\n\n<p>Ces projets sont ensuite pr\u00e9sent\u00e9s aux citoyens concern\u00e9s, pour obtenir leur <strong>approbation <\/strong>et renforcer la <strong>l\u00e9gitimit\u00e9<\/strong> collective.<\/p>\n\n\n\n<p>4\ufe0f\u20e3<strong> Exp\u00e9rimenter et \u00e9valuer.<\/strong><\/p>\n\n\n\n<p>Chaque initiative est<strong> test\u00e9e<\/strong> sur le terrain,<strong> \u00e9valu\u00e9e <\/strong>collectivement, puis <strong>ajust\u00e9e <\/strong>pour s\u2019am\u00e9liorer en continue.<\/p>\n\n\n\n<p><strong>\ud83e\udd1d Les conditions de r\u00e9ussite<\/strong><\/p>\n\n\n\n<p><strong>Objectif commun :<\/strong> <strong>Co construire avec l&#8217;ensemble des acteurs<\/strong>, afin que les projets puissent s\u2019int\u00e9grer dans les politiques publiques pour que<strong> le quotidien des citoyens soit optimal.<\/strong><\/p>\n\n\n\n<p><strong>Moyens coop\u00e9ratifs<\/strong> : Anim\u00e9e par <strong>des m\u00e9diateurs territoriaux<\/strong>, form\u00e9s pour<strong> faciliter la concertation<\/strong> et coordonner les diff\u00e9rentes dimensions (\u00e9conomie, \u00e9cologie, bien-\u00eatre, finance, culture\u2026).<\/p>\n\n\n\n<p><strong>Partenaires compl\u00e9mentaires<\/strong> : A travers <strong>son t\u00e9moignage sur son id\u00e9al ou sur des initiatives concr\u00e8tes<\/strong> nous donnons envie de<strong> r\u00e9fl\u00e9chir et d\u2019agir ensemble.<\/strong><\/p>\n\n\n\n<p><strong>Comment lancer cette dynamique ? <\/strong><\/p>\n\n\n\n<p><strong>L\u2019objectif pour finaliser la pr\u00e9paration de la concertation passe la co-\u00e9laboration d\u2019une feuille de route territoriale<\/strong>, issue des ressources et aspirations locales, et dont les modalit\u00e9s seront \u00e0<strong> approuver par la r\u00e9gion pour qu&#8217;elle organise une consultation citoyenne. Ainsi, nous connaitrons les modalit\u00e9s du plan d\u00e9veloppement que la population souhaite exp\u00e9rimenter<\/strong>. Alors <strong>un territoire<\/strong> peut devenir r\u00e9ellement r\u00e9silient, coh\u00e9rent et <strong>prosp\u00e8re.<\/strong><\/p>\n","protected":false},"excerpt":{"rendered":"<p>\ud83c\udf3f Qu\u2019est-ce que la g\u00e9om\u00e9diation ? La g\u00e9om\u00e9diation est une m\u00e9thode d\u2019organisation collective qui permet d\u2019am\u00e9liorer la mani\u00e8re dont nous d\u00e9cidons et agissons ensemble, dans nos familles, nos entreprises ou nos territoires. Son principe est simple : Toute d\u00e9cision durable doit \u00eatre co-construite avec les personnes concern\u00e9es avec des outils pratiques&#8230; \ud83d\udd0d Comment \u00e7a fonctionne &hellip; <\/p>\n<p class=\"link-more\"><a href=\"https:\/\/geomediation.fr\/?page_id=6\" class=\"more-link\">Continue reading<span class=\"screen-reader-text\"> &#8220;LA PHILOSOPHIE&#8221;<\/span><\/a><\/p>\n","protected":false},"author":1,"featured_media":0,"parent":0,"menu_order":0,"comment_status":"closed","ping_status":"closed","template":"","meta":{"footnotes":""},"class_list":["post-6","page","type-page","status-publish","hentry"],"_links":{"self":[{"href":"https:\/\/geomediation.fr\/index.php?rest_route=\/wp\/v2\/pages\/6","targetHints":{"allow":["GET"]}}],"collection":[{"href":"https:\/\/geomediation.fr\/index.php?rest_route=\/wp\/v2\/pages"}],"about":[{"href":"https:\/\/geomediation.fr\/index.php?rest_route=\/wp\/v2\/types\/page"}],"author":[{"embeddable":true,"href":"https:\/\/geomediation.fr\/index.php?rest_route=\/wp\/v2\/users\/1"}],"replies":[{"embeddable":true,"href":"https:\/\/geomediation.fr\/index.php?rest_route=%2Fwp%2Fv2%2Fcomments&post=6"}],"version-history":[{"count":5,"href":"https:\/\/geomediation.fr\/index.php?rest_route=\/wp\/v2\/pages\/6\/revisions"}],"predecessor-version":[{"id":96,"href":"https:\/\/geomediation.fr\/index.php?rest_route=\/wp\/v2\/pages\/6\/revisions\/96"}],"wp:attachment":[{"href":"https:\/\/geomediation.fr\/index.php?rest_route=%2Fwp%2Fv2%2Fmedia&parent=6"}],"curies":[{"name":"wp","href":"https:\/\/api.w.org\/{rel}","templated":true}]}}