{"id":14,"date":"2024-06-26T21:49:35","date_gmt":"2024-06-26T21:49:35","guid":{"rendered":"https:\/\/geomediation.fr\/?page_id=14"},"modified":"2025-10-24T23:00:18","modified_gmt":"2025-10-24T23:00:18","slug":"infos","status":"publish","type":"page","link":"https:\/\/geomediation.fr\/?page_id=14","title":{"rendered":"INFOS"},"content":{"rendered":"\n<p><strong>Vous pouvez aussi&#8230;<\/strong><\/p>\n\n\n\n<ol class=\"wp-block-list\">\n<li><strong>Nous poser une question<\/strong>, partager votre point de vue&#8230;<\/li>\n\n\n\n<li><strong>Rejoindre l&#8217;\u00e9quipe<\/strong> pour co piloter la concertation (b\u00e9n\u00e9voles &amp; professionnels, m\u00e9diation, data, num\u00e9rique, marketing&#8230;)<\/li>\n\n\n\n<li><strong>Nous partageons vos \u00e9v\u00e8nements et informations inspirants, afin d&#8217;alimenter l&#8217;agenda et la newsletter du r\u00e9seau.<\/strong><\/li>\n\n\n\n<li><strong>Vous approprier l&#8217;auto-coaching<\/strong> : <a href=\"https:\/\/www.youtube.com\/watch?v=qYOhmSBKQyU&amp;pp=ygUhYXV0by1jb2FjaGluZyBvdGhtYW4gZ2VvbWVkaWF0aW9u\">AUTO-COACHING &#8220;Create your dream&#8221;<\/a><\/li>\n\n\n\n<li><strong>Partager en vid\u00e9o<\/strong> votre volont\u00e9 que notre soci\u00e9t\u00e9 soit bien organis\u00e9e pour<strong> motiver vos proches<\/strong> et donnant ainsi davantage de <strong>cr\u00e9dibilit\u00e9 aux m\u00e9diateurs<\/strong> de votre territoire.<\/li>\n\n\n\n<li><strong>Exp\u00e9rimenter la concertation<\/strong> dans votre environnement <strong>personnel<\/strong> ou <strong>professionnel<\/strong>.<\/li>\n\n\n\n<li><strong>B\u00e9n\u00e9ficier d&#8217;un accompagnement sur mesure (<\/strong>individuel et collectif) pour mieux comprendre et <strong>maitriser un budget<\/strong>, un investissement, un projet, <strong>une relation<\/strong>, une peur, une maladie, une orientation professionnelle, politique, sexuelle, am\u00e9liorer la gestion d&#8217;une \u00e9quipe, d&#8217;une entreprise, d&#8217;un territoire, quelque soit l&#8217;\u00e9chelle.<\/li>\n<\/ol>\n\n\n\n<p>Mais aussi <strong>d\u00e9couvrir<\/strong> comment <strong>un territoire<\/strong> peut <strong>mettre en place ce processus en inspirant ses partenaires<\/strong> r\u00e9gionaux, nationaux et internationaux :<\/p>\n\n\n\n<ol class=\"wp-block-list\">\n<li><strong>Cr\u00e9er une \u00e9quipe pluridisciplinaire<\/strong> qui puisse proposer un accompagnement vers une transition int\u00e9grale.<\/li>\n\n\n\n<li><strong>Proposer aux partenaires clefs<\/strong> (repr\u00e9sentants d&#8217;organisations int\u00e9ress\u00e9s par ce sujet) de co-\u00e9laborer <strong>une feuille de route<\/strong> \u00e0 soumettre \u00e0 l&#8217;<strong>approbation de tous les citoyens concern\u00e9s en partenariat avec les autorit\u00e9s publiques.<\/strong><\/li>\n\n\n\n<li>Mise en place de <strong>lieux physiques et d&#8217;espaces num\u00e9riques collaboratifs pour faciliter la r\u00e9ussite de la concertation.<\/strong><\/li>\n<\/ol>\n\n\n\n<p><\/p>\n\n\n\n<p><\/p>\n\n\n\n<p class=\"has-text-align-center\"><strong>Association <\/strong>d&#8217;int\u00e9r\u00eat public loi 1901 (cr\u00e9ation pr\u00e9vue en 2026)<\/p>\n\n\n\n<p class=\"has-text-align-center\"><strong>Othman Kerrache (youtube \/ linkedin \/ insta<\/strong> <strong>\/ facebook)<\/strong><\/p>\n\n\n\n<p class=\"has-text-align-center\"><strong>tel : 0626453819<\/strong> \/<strong> mail : geomediation@live.fr<\/strong> <\/p>\n\n\n\n<p class=\"has-text-align-center\"><strong>Cabinet de conseil<\/strong> SIRET 93257724000017 <\/p>\n\n\n\n<p><\/p>\n","protected":false},"excerpt":{"rendered":"<p>Vous pouvez aussi&#8230; Mais aussi d\u00e9couvrir comment un territoire peut mettre en place ce processus en inspirant ses partenaires r\u00e9gionaux, nationaux et internationaux : Association d&#8217;int\u00e9r\u00eat public loi 1901 (cr\u00e9ation pr\u00e9vue en 2026) Othman Kerrache (youtube \/ linkedin \/ insta \/ facebook) tel : 0626453819 \/ mail : geomediation@live.fr Cabinet de conseil SIRET 93257724000017<\/p>\n","protected":false},"author":1,"featured_media":0,"parent":0,"menu_order":0,"comment_status":"closed","ping_status":"closed","template":"","meta":{"footnotes":""},"class_list":["post-14","page","type-page","status-publish","hentry"],"_links":{"self":[{"href":"https:\/\/geomediation.fr\/index.php?rest_route=\/wp\/v2\/pages\/14","targetHints":{"allow":["GET"]}}],"collection":[{"href":"https:\/\/geomediation.fr\/index.php?rest_route=\/wp\/v2\/pages"}],"about":[{"href":"https:\/\/geomediation.fr\/index.php?rest_route=\/wp\/v2\/types\/page"}],"author":[{"embeddable":true,"href":"https:\/\/geomediation.fr\/index.php?rest_route=\/wp\/v2\/users\/1"}],"replies":[{"embeddable":true,"href":"https:\/\/geomediation.fr\/index.php?rest_route=%2Fwp%2Fv2%2Fcomments&post=14"}],"version-history":[{"count":5,"href":"https:\/\/geomediation.fr\/index.php?rest_route=\/wp\/v2\/pages\/14\/revisions"}],"predecessor-version":[{"id":90,"href":"https:\/\/geomediation.fr\/index.php?rest_route=\/wp\/v2\/pages\/14\/revisions\/90"}],"wp:attachment":[{"href":"https:\/\/geomediation.fr\/index.php?rest_route=%2Fwp%2Fv2%2Fmedia&parent=14"}],"curies":[{"name":"wp","href":"https:\/\/api.w.org\/{rel}","templated":true}]}}