{"id":10,"date":"2024-06-26T21:48:29","date_gmt":"2024-06-26T21:48:29","guid":{"rendered":"https:\/\/geomediation.fr\/?page_id=10"},"modified":"2025-10-24T22:37:23","modified_gmt":"2025-10-24T22:37:23","slug":"laction","status":"publish","type":"page","link":"https:\/\/geomediation.fr\/?page_id=10","title":{"rendered":"L&#8217;EQUIPE"},"content":{"rendered":"\n<p><strong>Nos territoires ont des talents :<\/strong><\/p>\n\n\n\n<ul class=\"wp-block-list\">\n<li><strong>Didier Loyens<\/strong> : <strong>Citoyen engag\u00e9<\/strong> au service d&#8217;une <strong>finance \u00e9thique<\/strong> pour cr\u00e9er des territoires dynamiques <strong>(espoyr.com)<\/strong> \/ Belgique<\/li>\n\n\n\n<li><strong>Charles Judes : Perma-comptable<\/strong>, comment utiliser <strong>la comptabilit\u00e9 au service de la nature <\/strong>et du bien-\u00eatre <strong>(designpermacomptable.com)<\/strong> \/ Bretagne.<\/li>\n\n\n\n<li><strong>Genevi\u00e8ve Boucher<\/strong> : Futurologue. Comment <strong>anticiper les enjeux soci\u00e9taux<\/strong> avec une \u00e9conomie contributive \/ Paris.<\/li>\n\n\n\n<li><strong>Claude P\u00e9rigaud : Comment structurer et s&#8217;investir dans un march\u00e9 intentionnel<\/strong> futur tout en g\u00e9rant l&#8217;\u00e9conomie au pr\u00e9sent \/ USA &amp; Paris.  <\/li>\n\n\n\n<li><strong>Yvan Schallenberger et Joy Robert :  Cocr\u00e9ateurs de l&#8217;\u00e9cocratie<\/strong>, une m\u00e9thode d&#8217;<strong>intelligence collective p\u00e9dagogique et interactive (presence-active.org) <\/strong>\/ Suisse.<\/li>\n\n\n\n<li><strong>Le r\u00e9seau &#8220;reconnexion&#8221; : Comment mutualiser les ressources informatiques pour proposer une plate-forme num\u00e9rique optimale pour tous \/ <\/strong>Paris.<\/li>\n\n\n\n<li><strong>Quentin Grimaud : Webmaster<\/strong>, comment mettre le num\u00e9rique au service du respect des humains et de leur environnement \/ Bordeaux.<\/li>\n\n\n\n<li><strong>Adrien Biassin : G\u00e9ographe<\/strong> qui accompagne les humains de leur <strong>traumatisme<\/strong> \u00e0 leur <strong>\u00e9panouissement (adrien-biassin.fr).<\/strong><\/li>\n\n\n\n<li><strong>St\u00e9phanie W\u00fcnsche <\/strong>: Pr\u00e9sidente de la f\u00e9d\u00e9ration fran\u00e7aise de yoga, professeur, formatrice, naturopathe et psychoth\u00e9rapeute<strong> (capyogaclub.com)<\/strong> \/ Capbreton &amp; Lourdes.<\/li>\n<\/ul>\n\n\n\n<p><strong>Vous pouvez nous contacter pour :<\/strong><\/p>\n\n\n\n<p><strong>Valoriser la compl\u00e9mentarit\u00e9 de nos comp\u00e9tences<\/strong> comme avec les acteurs ci dessus.<\/p>\n\n\n\n<p><strong>Proposer vos ressources<\/strong> (humaines et techniques) pour pr\u00e9parer l&#8217;animation de la <strong>concertation<\/strong> (data, marketing, juridique, am\u00e9nagement du territoire, SIG, facilitation&#8230;)<\/p>\n","protected":false},"excerpt":{"rendered":"<p>Nos territoires ont des talents : Vous pouvez nous contacter pour : Valoriser la compl\u00e9mentarit\u00e9 de nos comp\u00e9tences comme avec les acteurs ci dessus. Proposer vos ressources (humaines et techniques) pour pr\u00e9parer l&#8217;animation de la concertation (data, marketing, juridique, am\u00e9nagement du territoire, SIG, facilitation&#8230;)<\/p>\n","protected":false},"author":1,"featured_media":0,"parent":0,"menu_order":0,"comment_status":"closed","ping_status":"closed","template":"","meta":{"footnotes":""},"class_list":["post-10","page","type-page","status-publish","hentry"],"_links":{"self":[{"href":"https:\/\/geomediation.fr\/index.php?rest_route=\/wp\/v2\/pages\/10","targetHints":{"allow":["GET"]}}],"collection":[{"href":"https:\/\/geomediation.fr\/index.php?rest_route=\/wp\/v2\/pages"}],"about":[{"href":"https:\/\/geomediation.fr\/index.php?rest_route=\/wp\/v2\/types\/page"}],"author":[{"embeddable":true,"href":"https:\/\/geomediation.fr\/index.php?rest_route=\/wp\/v2\/users\/1"}],"replies":[{"embeddable":true,"href":"https:\/\/geomediation.fr\/index.php?rest_route=%2Fwp%2Fv2%2Fcomments&post=10"}],"version-history":[{"count":5,"href":"https:\/\/geomediation.fr\/index.php?rest_route=\/wp\/v2\/pages\/10\/revisions"}],"predecessor-version":[{"id":81,"href":"https:\/\/geomediation.fr\/index.php?rest_route=\/wp\/v2\/pages\/10\/revisions\/81"}],"wp:attachment":[{"href":"https:\/\/geomediation.fr\/index.php?rest_route=%2Fwp%2Fv2%2Fmedia&parent=10"}],"curies":[{"name":"wp","href":"https:\/\/api.w.org\/{rel}","templated":true}]}}